{"id":45,"date":"2021-08-26T12:21:44","date_gmt":"2021-08-26T15:21:44","guid":{"rendered":"http:\/\/dummy.xtemos.com\/woodmart2\/elementor\/?page_id=45"},"modified":"2022-08-02T18:45:42","modified_gmt":"2022-08-02T21:45:42","slug":"comparar","status":"publish","type":"page","link":"https:\/\/www.louismenezes.com.br\/portfolio\/lmfashion\/comparar\/","title":{"rendered":"Comparar"},"content":{"rendered":"\t\t\t\t\t<div class=\"wd-compare-table\">\n\t\t\t\t\t\t\t\t<p class=\"wd-empty-compare wd-empty-page\">\n\t\t\t\t\t\tA Lista de Compara\u00e7\u00e3o est\u00e1 Vazia.\t\t\t\t\t<\/p>\n\t\t\t\t\t\t\t\t\t\t\t<div class=\"wd-empty-page-text\">No products added in the compare list. You must add some products to compare them.<br> You will find a lot of interesting products on our \"Shop\" page.<\/div>\n\t\t\t\t\t\t\t\t\t\t<p class=\"return-to-shop\">\n\t\t\t\t\t\t<a class=\"button\" href=\"https:\/\/www.louismenezes.com.br\/portfolio\/lmfashion\/loja\/\">\n\t\t\t\t\t\t\tRetornar para loja\t\t\t\t\t\t<\/a>\n\t\t\t\t\t<\/p>\n\t\t\t\t\t\t<\/div>\n\t\t\t\t\n","protected":false},"excerpt":{"rendered":"","protected":false},"author":1,"featured_media":0,"parent":0,"menu_order":0,"comment_status":"closed","ping_status":"closed","template":"","meta":{"footnotes":""},"class_list":["post-45","page","type-page","status-publish","hentry"],"yoast_head":"<!-- This site is optimized with the Yoast SEO plugin v27.2 - https:\/\/yoast.com\/product\/yoast-seo-wordpress\/ -->\n<title>Comparar - LM Fashion<\/title>\n<meta name=\"robots\" content=\"index, follow, max-snippet:-1, max-image-preview:large, max-video-preview:-1\" \/>\n<link rel=\"canonical\" href=\"https:\/\/www.louismenezes.com.br\/portfolio\/lmfashion\/comparar\/\" \/>\n<meta property=\"og:locale\" content=\"pt_BR\" \/>\n<meta property=\"og:type\" content=\"article\" \/>\n<meta property=\"og:title\" content=\"Comparar - LM Fashion\" \/>\n<meta property=\"og:url\" content=\"https:\/\/www.louismenezes.com.br\/portfolio\/lmfashion\/comparar\/\" \/>\n<meta property=\"og:site_name\" content=\"LM Fashion\" \/>\n<meta property=\"article:modified_time\" content=\"2022-08-02T21:45:42+00:00\" \/>\n<meta name=\"twitter:card\" content=\"summary_large_image\" \/>\n<script type=\"application\/ld+json\" class=\"yoast-schema-graph\">{\"@context\":\"https:\/\/schema.org\",\"@graph\":[{\"@type\":\"WebPage\",\"@id\":\"https:\/\/www.louismenezes.com.br\/portfolio\/lmfashion\/comparar\/\",\"url\":\"https:\/\/www.louismenezes.com.br\/portfolio\/lmfashion\/comparar\/\",\"name\":\"Comparar - LM Fashion\",\"isPartOf\":{\"@id\":\"https:\/\/www.louismenezes.com.br\/portfolio\/lmfashion\/#website\"},\"datePublished\":\"2021-08-26T15:21:44+00:00\",\"dateModified\":\"2022-08-02T21:45:42+00:00\",\"breadcrumb\":{\"@id\":\"https:\/\/www.louismenezes.com.br\/portfolio\/lmfashion\/comparar\/#breadcrumb\"},\"inLanguage\":\"pt-BR\",\"potentialAction\":[{\"@type\":\"ReadAction\",\"target\":[\"https:\/\/www.louismenezes.com.br\/portfolio\/lmfashion\/comparar\/\"]}]},{\"@type\":\"BreadcrumbList\",\"@id\":\"https:\/\/www.louismenezes.com.br\/portfolio\/lmfashion\/comparar\/#breadcrumb\",\"itemListElement\":[{\"@type\":\"ListItem\",\"position\":1,\"name\":\"In\u00edcio\",\"item\":\"https:\/\/www.louismenezes.com.br\/portfolio\/lmfashion\/\"},{\"@type\":\"ListItem\",\"position\":2,\"name\":\"Comparar\"}]},{\"@type\":\"WebSite\",\"@id\":\"https:\/\/www.louismenezes.com.br\/portfolio\/lmfashion\/#website\",\"url\":\"https:\/\/www.louismenezes.com.br\/portfolio\/lmfashion\/\",\"name\":\"LM Fashion\",\"description\":\"Roupas de qualidade voc\u00ea s\u00f3 encontra aqui\",\"publisher\":{\"@id\":\"https:\/\/www.louismenezes.com.br\/portfolio\/lmfashion\/#organization\"},\"potentialAction\":[{\"@type\":\"SearchAction\",\"target\":{\"@type\":\"EntryPoint\",\"urlTemplate\":\"https:\/\/www.louismenezes.com.br\/portfolio\/lmfashion\/?s={search_term_string}\"},\"query-input\":{\"@type\":\"PropertyValueSpecification\",\"valueRequired\":true,\"valueName\":\"search_term_string\"}}],\"inLanguage\":\"pt-BR\"},{\"@type\":\"Organization\",\"@id\":\"https:\/\/www.louismenezes.com.br\/portfolio\/lmfashion\/#organization\",\"name\":\"Loja LM Fashion\",\"url\":\"https:\/\/www.louismenezes.com.br\/portfolio\/lmfashion\/\",\"logo\":{\"@type\":\"ImageObject\",\"inLanguage\":\"pt-BR\",\"@id\":\"https:\/\/www.louismenezes.com.br\/portfolio\/lmfashion\/#\/schema\/logo\/image\/\",\"url\":\"https:\/\/www.louismenezes.com.br\/portfolio\/lmfashion\/wp-content\/uploads\/2022\/08\/maria-moda-logo-preto-ofc.png\",\"contentUrl\":\"https:\/\/www.louismenezes.com.br\/portfolio\/lmfashion\/wp-content\/uploads\/2022\/08\/maria-moda-logo-preto-ofc.png\",\"width\":381,\"height\":73,\"caption\":\"Loja LM Fashion\"},\"image\":{\"@id\":\"https:\/\/www.louismenezes.com.br\/portfolio\/lmfashion\/#\/schema\/logo\/image\/\"}}]}<\/script>\n<!-- \/ Yoast SEO plugin. -->","yoast_head_json":{"title":"Comparar - LM Fashion","robots":{"index":"index","follow":"follow","max-snippet":"max-snippet:-1","max-image-preview":"max-image-preview:large","max-video-preview":"max-video-preview:-1"},"canonical":"https:\/\/www.louismenezes.com.br\/portfolio\/lmfashion\/comparar\/","og_locale":"pt_BR","og_type":"article","og_title":"Comparar - LM Fashion","og_url":"https:\/\/www.louismenezes.com.br\/portfolio\/lmfashion\/comparar\/","og_site_name":"LM Fashion","article_modified_time":"2022-08-02T21:45:42+00:00","twitter_card":"summary_large_image","schema":{"@context":"https:\/\/schema.org","@graph":[{"@type":"WebPage","@id":"https:\/\/www.louismenezes.com.br\/portfolio\/lmfashion\/comparar\/","url":"https:\/\/www.louismenezes.com.br\/portfolio\/lmfashion\/comparar\/","name":"Comparar - LM Fashion","isPartOf":{"@id":"https:\/\/www.louismenezes.com.br\/portfolio\/lmfashion\/#website"},"datePublished":"2021-08-26T15:21:44+00:00","dateModified":"2022-08-02T21:45:42+00:00","breadcrumb":{"@id":"https:\/\/www.louismenezes.com.br\/portfolio\/lmfashion\/comparar\/#breadcrumb"},"inLanguage":"pt-BR","potentialAction":[{"@type":"ReadAction","target":["https:\/\/www.louismenezes.com.br\/portfolio\/lmfashion\/comparar\/"]}]},{"@type":"BreadcrumbList","@id":"https:\/\/www.louismenezes.com.br\/portfolio\/lmfashion\/comparar\/#breadcrumb","itemListElement":[{"@type":"ListItem","position":1,"name":"In\u00edcio","item":"https:\/\/www.louismenezes.com.br\/portfolio\/lmfashion\/"},{"@type":"ListItem","position":2,"name":"Comparar"}]},{"@type":"WebSite","@id":"https:\/\/www.louismenezes.com.br\/portfolio\/lmfashion\/#website","url":"https:\/\/www.louismenezes.com.br\/portfolio\/lmfashion\/","name":"LM Fashion","description":"Roupas de qualidade voc\u00ea s\u00f3 encontra aqui","publisher":{"@id":"https:\/\/www.louismenezes.com.br\/portfolio\/lmfashion\/#organization"},"potentialAction":[{"@type":"SearchAction","target":{"@type":"EntryPoint","urlTemplate":"https:\/\/www.louismenezes.com.br\/portfolio\/lmfashion\/?s={search_term_string}"},"query-input":{"@type":"PropertyValueSpecification","valueRequired":true,"valueName":"search_term_string"}}],"inLanguage":"pt-BR"},{"@type":"Organization","@id":"https:\/\/www.louismenezes.com.br\/portfolio\/lmfashion\/#organization","name":"Loja LM Fashion","url":"https:\/\/www.louismenezes.com.br\/portfolio\/lmfashion\/","logo":{"@type":"ImageObject","inLanguage":"pt-BR","@id":"https:\/\/www.louismenezes.com.br\/portfolio\/lmfashion\/#\/schema\/logo\/image\/","url":"https:\/\/www.louismenezes.com.br\/portfolio\/lmfashion\/wp-content\/uploads\/2022\/08\/maria-moda-logo-preto-ofc.png","contentUrl":"https:\/\/www.louismenezes.com.br\/portfolio\/lmfashion\/wp-content\/uploads\/2022\/08\/maria-moda-logo-preto-ofc.png","width":381,"height":73,"caption":"Loja LM Fashion"},"image":{"@id":"https:\/\/www.louismenezes.com.br\/portfolio\/lmfashion\/#\/schema\/logo\/image\/"}}]}},"_links":{"self":[{"href":"https:\/\/www.louismenezes.com.br\/portfolio\/lmfashion\/wp-json\/wp\/v2\/pages\/45","targetHints":{"allow":["GET"]}}],"collection":[{"href":"https:\/\/www.louismenezes.com.br\/portfolio\/lmfashion\/wp-json\/wp\/v2\/pages"}],"about":[{"href":"https:\/\/www.louismenezes.com.br\/portfolio\/lmfashion\/wp-json\/wp\/v2\/types\/page"}],"author":[{"embeddable":true,"href":"https:\/\/www.louismenezes.com.br\/portfolio\/lmfashion\/wp-json\/wp\/v2\/users\/1"}],"replies":[{"embeddable":true,"href":"https:\/\/www.louismenezes.com.br\/portfolio\/lmfashion\/wp-json\/wp\/v2\/comments?post=45"}],"version-history":[{"count":2,"href":"https:\/\/www.louismenezes.com.br\/portfolio\/lmfashion\/wp-json\/wp\/v2\/pages\/45\/revisions"}],"predecessor-version":[{"id":8449,"href":"https:\/\/www.louismenezes.com.br\/portfolio\/lmfashion\/wp-json\/wp\/v2\/pages\/45\/revisions\/8449"}],"wp:attachment":[{"href":"https:\/\/www.louismenezes.com.br\/portfolio\/lmfashion\/wp-json\/wp\/v2\/media?parent=45"}],"curies":[{"name":"wp","href":"https:\/\/api.w.org\/{rel}","templated":true}]}}